{"id":1176,"date":"2025-02-05T06:42:01","date_gmt":"2025-02-05T05:42:01","guid":{"rendered":"https:\/\/eie.pl\/konsultacje\/"},"modified":"2025-05-09T09:26:06","modified_gmt":"2025-05-09T07:26:06","slug":"consultations","status":"publish","type":"page","link":"https:\/\/eie.pl\/en\/consultations\/","title":{"rendered":"Consultations"},"content":{"rendered":"\n<div id=\"wp-block-themeisle-blocks-advanced-columns-38aeb068\" class=\"wp-block-themeisle-blocks-advanced-columns alignfull has-2-columns has-desktop-equal-layout has-tablet-equal-layout has-mobile-collapsedRows-layout has-vertical-unset\"><div class=\"wp-block-themeisle-blocks-advanced-columns-overlay\"><\/div><div class=\"innerblocks-wrap\">\n<div id=\"wp-block-themeisle-blocks-advanced-column-0460afa5\" class=\"wp-block-themeisle-blocks-advanced-column\">\n<h1 id=\"wp-block-themeisle-blocks-advanced-heading-ebcfdddc\" class=\"wp-block-themeisle-blocks-advanced-heading wp-block-themeisle-blocks-advanced-heading-ebcfdddc\"><strong>Consultations<\/strong><\/h1>\n\n\n\n<p>Are you considering an international primary or secondary school for your child? Or perhaps you&#8217;re curious about the cost of education abroad &#8211; or need guidance in choosing the right educational path?<br>Whatever stage you&#8217;re at, we&#8217;re here to support you with expert advice tailored to your family&#8217;s needs.<\/p>\n\n\n\n<div class=\"wp-block-buttons is-layout-flex wp-block-buttons-is-layout-flex\">\n<div class=\"wp-block-button is-style-primary\"><a class=\"wp-block-button__link wp-element-button\" href=\"https:\/\/meetings-eu1.hubspot.com\/barbara-salamon\/konsultacje-umowione-podczas-ste\">Book a date with an expert<\/a><\/div>\n<\/div>\n<\/div>\n\n\n\n<div id=\"wp-block-themeisle-blocks-advanced-column-6d078136\" class=\"wp-block-themeisle-blocks-advanced-column\">\n<figure class=\"wp-block-image size-full\"><img decoding=\"async\" src=\"https:\/\/eie.pl\/wp-content\/uploads\/2025\/04\/Basia-Salamon-scaled.jpg\" alt=\"Barbara Salamon\" class=\"wp-image-431\"\/><\/figure>\n<\/div>\n<\/div><\/div>\n\n\n\n<div id=\"wp-block-themeisle-blocks-advanced-columns-dd9b9c47\" class=\"wp-block-themeisle-blocks-advanced-columns alignfull has-1-columns has-desktop-equal-layout has-tablet-equal-layout has-mobile-equal-layout has-vertical-unset\"><div class=\"wp-block-themeisle-blocks-advanced-columns-overlay\"><\/div><div class=\"innerblocks-wrap\">\n<div id=\"wp-block-themeisle-blocks-advanced-column-8dabc56d\" class=\"wp-block-themeisle-blocks-advanced-column\">\n<div id=\"wp-block-themeisle-blocks-advanced-columns-3222cc8f\" class=\"wp-block-themeisle-blocks-advanced-columns has-2-columns has-desktop-equal-layout has-tablet-equal-layout has-mobile-collapsedRows-layout has-vertical-unset has-light-bg\"><div class=\"wp-block-themeisle-blocks-advanced-columns-overlay\"><\/div><div class=\"innerblocks-wrap\">\n<div id=\"wp-block-themeisle-blocks-advanced-column-245a6bd2\" class=\"wp-block-themeisle-blocks-advanced-column\">\n<h2 id=\"wp-block-themeisle-blocks-advanced-heading-b905707c\" class=\"wp-block-themeisle-blocks-advanced-heading wp-block-themeisle-blocks-advanced-heading-b905707c\"><span class=\"highlight\">Selecting a School Abroad:<\/span><br>A defining decision for your child\u2019s future.<br>Navigate it with trusted, expert guidance.<\/h2>\n<\/div>\n\n\n\n<div id=\"wp-block-themeisle-blocks-advanced-column-59686a32\" class=\"wp-block-themeisle-blocks-advanced-column\">\n<ul class=\"wp-block-list\">\n<li><strong><strong>Expertise &amp; Experience<\/strong>:<\/strong>&nbsp;With extensive knowledge and hands-on experience in the field of boarding school education, I understand the nuances of various institutions, their admissions processes, and the educational systems across different countries.<\/li>\n\n\n\n<li><strong><strong>Personalized Guidance<\/strong>:<\/strong>&nbsp;&nbsp;I offer tailored advice on the best-fit schools based on academic interests, extracurricular passions, location preferences, and financial considerations &#8211; ensuring a truly personalized match for each student.<\/li>\n\n\n\n<li><strong><strong>Simplified Process<\/strong><\/strong>:&nbsp;Navigating the boarding school admissions process can be complex and time-consuming. I streamline every step &#8211; from completing paperwork to keeping track of deadlines &#8211; making the experience smooth and stress-free.<\/li>\n\n\n\n<li><strong><strong>Maximizing Opportunities<\/strong>:<\/strong>&nbsp;I help students identify and take full advantage of academic and personal growth opportunities, including enrichment programs, summer schools, and extracurricular activities aligned with their interests and goals.<\/li>\n\n\n\n<li><strong><strong>Long-Term Planning<\/strong>:<\/strong>&nbsp;I support families in building comprehensive educational plans that consider future academic ambitions, career aspirations, and potential transitions between schools or countries.<\/li>\n<\/ul>\n<\/div>\n<\/div><\/div>\n<\/div>\n<\/div><\/div>\n\n\n\n<div id=\"wp-block-themeisle-blocks-advanced-columns-baffce96\" class=\"nv-cv-m wp-block-themeisle-blocks-advanced-columns alignfull has-1-columns has-desktop-equal-layout has-tablet-equal-layout has-mobile-equal-layout has-vertical-unset\"><div class=\"wp-block-themeisle-blocks-advanced-columns-overlay\"><\/div><div class=\"innerblocks-wrap\">\n<div id=\"wp-block-themeisle-blocks-advanced-column-ce361783\" class=\"wp-block-themeisle-blocks-advanced-column\">\n<div id=\"wp-block-themeisle-blocks-advanced-columns-f5ab2ea8\" class=\"wp-block-themeisle-blocks-advanced-columns has-1-columns has-desktop-equal-layout has-tablet-equal-layout has-mobile-equal-layout has-vertical-unset has-light-bg\"><div class=\"wp-block-themeisle-blocks-advanced-columns-overlay\"><\/div><div class=\"innerblocks-wrap\">\n<div id=\"wp-block-themeisle-blocks-advanced-column-2fea743d\" class=\"wp-block-themeisle-blocks-advanced-column\">\n<h2 id=\"wp-block-themeisle-blocks-advanced-heading-53da5a9f\" class=\"wp-block-themeisle-blocks-advanced-heading wp-block-themeisle-blocks-advanced-heading-53da5a9f\"><strong>What Can You Expect During the Consultation?<\/strong><\/h2>\n\n\n\n<div id=\"wp-block-themeisle-blocks-advanced-columns-30adf755\" class=\"wp-block-themeisle-blocks-advanced-columns has-3-columns has-desktop-equal-layout has-tablet-equal-layout has-mobile-collapsedRows-layout has-vertical-unset\"><div class=\"wp-block-themeisle-blocks-advanced-columns-overlay\"><\/div><div class=\"innerblocks-wrap\">\n<div id=\"wp-block-themeisle-blocks-advanced-column-59e57f11\" class=\"wp-block-themeisle-blocks-advanced-column has-light-bg\">\n<div id=\"wp-block-themeisle-blocks-advanced-columns-81234875\" class=\"wp-block-themeisle-blocks-advanced-columns has-1-columns has-desktop-equal-layout has-tablet-equal-layout has-mobile-equal-layout has-vertical-unset\"><div class=\"wp-block-themeisle-blocks-advanced-columns-overlay\"><\/div><div class=\"innerblocks-wrap\">\n<div id=\"wp-block-themeisle-blocks-advanced-column-f917b3da\" class=\"wp-block-themeisle-blocks-advanced-column\">\n<div id=\"wp-block-themeisle-blocks-font-awesome-icons-58c660b2\" class=\"wp-block-themeisle-blocks-font-awesome-icons\"><span class=\"wp-block-themeisle-blocks-font-awesome-icons-container nan-padding\"><i class=\"fas fa-puzzle-piece\"><\/i><\/span><\/div>\n\n\n\n<h3 class=\"wp-block-heading\"><strong><strong>Tailored Solutions<\/strong><\/strong><\/h3>\n\n\n\n<p>You will receive personalized recommendations and a clear action plan to help you make the best decisions for your child\u2019s education.<\/p>\n<\/div>\n<\/div><\/div>\n<\/div>\n\n\n\n<div id=\"wp-block-themeisle-blocks-advanced-column-914239ab\" class=\"wp-block-themeisle-blocks-advanced-column has-light-bg\">\n<div id=\"wp-block-themeisle-blocks-advanced-columns-1f41d332\" class=\"wp-block-themeisle-blocks-advanced-columns has-1-columns has-desktop-equal-layout has-tablet-equal-layout has-mobile-equal-layout has-vertical-unset\"><div class=\"wp-block-themeisle-blocks-advanced-columns-overlay\"><\/div><div class=\"innerblocks-wrap\">\n<div id=\"wp-block-themeisle-blocks-advanced-column-fbfb3db7\" class=\"wp-block-themeisle-blocks-advanced-column\">\n<div id=\"wp-block-themeisle-blocks-font-awesome-icons-17ca487b\" class=\"wp-block-themeisle-blocks-font-awesome-icons\"><span class=\"wp-block-themeisle-blocks-font-awesome-icons-container nan-padding\"><i class=\"far fa-handshake\"><\/i><\/span><\/div>\n\n\n\n<h3 class=\"wp-block-heading\"><strong><strong>Flexible Scheduling<\/strong><\/strong><\/h3>\n\n\n\n<p>Consultations are held remotely, giving you the freedom to choose a time that suits you &#8211; and the comfort of joining from anywhere.<\/p>\n<\/div>\n<\/div><\/div>\n<\/div>\n\n\n\n<div id=\"wp-block-themeisle-blocks-advanced-column-444cbbda\" class=\"wp-block-themeisle-blocks-advanced-column has-light-bg\">\n<div id=\"wp-block-themeisle-blocks-advanced-columns-943a847d\" class=\"wp-block-themeisle-blocks-advanced-columns has-1-columns has-desktop-equal-layout has-tablet-equal-layout has-mobile-equal-layout has-vertical-unset\"><div class=\"wp-block-themeisle-blocks-advanced-columns-overlay\"><\/div><div class=\"innerblocks-wrap\">\n<div id=\"wp-block-themeisle-blocks-advanced-column-316042e8\" class=\"wp-block-themeisle-blocks-advanced-column\">\n<div id=\"wp-block-themeisle-blocks-font-awesome-icons-18376810\" class=\"wp-block-themeisle-blocks-font-awesome-icons\"><span class=\"wp-block-themeisle-blocks-font-awesome-icons-container nan-padding\"><i class=\"far fa-smile\"><\/i><\/span><\/div>\n\n\n\n<h3 class=\"wp-block-heading\"><strong><strong>Before the Meeting<\/strong><\/strong><\/h3>\n\n\n\n<p>After booking and payment, you\u2019ll receive an email with a Google Meet link for the consultation. Simply click the link at the scheduled time to join the meeting.<br> If you include details about your specific questions or goals when booking, I\u2019ll be able to prepare more thoroughly &#8211; making the session even more effective for you.<\/p>\n<\/div>\n<\/div><\/div>\n<\/div>\n<\/div><\/div>\n\n\n\n<div class=\"wp-block-buttons is-content-justification-center is-layout-flex wp-container-core-buttons-is-layout-16018d1d wp-block-buttons-is-layout-flex\">\n<div class=\"wp-block-button is-style-primary\"><a class=\"wp-block-button__link wp-element-button\" href=\"https:\/\/meetings-eu1.hubspot.com\/barbara-salamon\/konsultacje-umowione-podczas-ste\">Book an appointment<\/a><\/div>\n<\/div>\n\n\n\n<div style=\"height:20px\" aria-hidden=\"true\" class=\"wp-block-spacer\"><\/div>\n\n\n\n<p class=\"has-text-align-center\">Consultation Fee: 450 z\u0142<\/p>\n<\/div>\n<\/div><\/div>\n<\/div>\n<\/div><\/div>\n\n\n\n<div id=\"wp-block-themeisle-blocks-advanced-columns-d8045282\" class=\"nv-cv-m wp-block-themeisle-blocks-advanced-columns alignfull has-1-columns has-desktop-equal-layout has-tablet-equal-layout has-mobile-equal-layout has-vertical-unset\"><div class=\"wp-block-themeisle-blocks-advanced-columns-overlay\"><\/div><div class=\"innerblocks-wrap\">\n<div id=\"wp-block-themeisle-blocks-advanced-column-0d0da263\" class=\"wp-block-themeisle-blocks-advanced-column\">\n<div id=\"wp-block-themeisle-blocks-advanced-columns-0c23bfa2\" class=\"wp-block-themeisle-blocks-advanced-columns has-1-columns has-desktop-equal-layout has-tablet-equal-layout has-mobile-equal-layout has-vertical-unset\"><div class=\"wp-block-themeisle-blocks-advanced-columns-overlay\"><\/div><div class=\"innerblocks-wrap\">\n<div id=\"wp-block-themeisle-blocks-advanced-column-9166f51d\" class=\"wp-block-themeisle-blocks-advanced-column\">\n<div class=\"wp-block-gutsliders-testimonial-slider gutslider-238841f4 nav_outside nav_cc\" data-swiper-options=\"{&quot;slidesPerView&quot;:1,&quot;spaceBetween&quot;:0,&quot;loop&quot;:true,&quot;autoplay&quot;:{&quot;delay&quot;:3000,&quot;pauseOnMouseEnter&quot;:true,&quot;stopOnLastSlide&quot;:false,&quot;reverseDirection&quot;:false},&quot;speed&quot;:800,&quot;effect&quot;:&quot;slide&quot;,&quot;creativeEffect&quot;:{&quot;prev&quot;:{&quot;shadow&quot;:true,&quot;translate&quot;:[&quot;-20%&quot;,0,-1]},&quot;next&quot;:{&quot;translate&quot;:[&quot;100%&quot;,0,0]}},&quot;keyboard&quot;:{&quot;enabled&quot;:false},&quot;mousewheel&quot;:false,&quot;navigation&quot;:{&quot;nextEl&quot;:&quot;.gutslider-238841f4 .swiper-button-next&quot;,&quot;prevEl&quot;:&quot;.gutslider-238841f4 .swiper-button-prev&quot;},&quot;pagination&quot;:false}\"><div class=\"swiper\"><div class=\"swiper-wrapper\"><div class=\"swiper-slide\"><div class=\"swiper-testimonial-outer\" style=\"background-color:#efefef;background-image:url();background-position:50% 50%\"><div class=\"gutslider-testimonial-wrapper\"><div class=\"gutslider-testimonial-inner\"><div class=\"author-photo-outer\"><div class=\"author-photo \"><\/div><\/div><p class=\"gutslider-testimonial \">Z pe\u0142nym przekonaniem polecam doradztwo Excellence in Education. Poprosi\u0142em p. Basi\u0119 o pomoc w wyborze szko\u0142y dla mojego syna, kt\u00f3ry planowa\u0142 zdawa\u0107 matur\u0119 w Wielkiej Brytanii.<br>Ca\u0142y proces by\u0142 przeprowadzony z pe\u0142nym profesjonalizmem. Na ka\u017cdym jego etapie czu\u0142em si\u0119 zaopiekowany. Po wst\u0119pnych wywiadach i testach zaproponowano nam 5 szk\u00f3\u0142. Z tych pi\u0119ciu wybrali\u015bmy 3. Pani Basia zorganizowa\u0142a nam wyjazd do Wielkiej Brytanii i wizyty w szko\u0142ach.<br>Wszystkie szko\u0142y by\u0142y \u015bwietne. Mieli\u015bmy okazj\u0119 pozna\u0107 brytyjsk\u0105 edukacj\u0119 i poczu\u0107 r\u00f3\u017cnic\u0119.<br>Jestem pod ogromnym wra\u017ceniem. B\u0119d\u0119 poleca\u0142 firm\u0119 wszystkim znajomym<\/p><div class=\"author-rating\" data-rating=\"5\"><\/div><h5 class=\"gutslider-name \">Kazimierz Herba<br> <\/h5><p class=\"gutslider-designation \">Rodzice ucznia boarding school w Szwajcarii<\/p><\/div><\/div><\/div><\/div><div class=\"swiper-slide\"><div class=\"swiper-testimonial-outer\" style=\"background-color:#efefef;background-image:url();background-position:50% 50%\"><div class=\"gutslider-testimonial-wrapper\"><div class=\"gutslider-testimonial-inner\"><div class=\"author-photo-outer\"><div class=\"author-photo \"><\/div><\/div><p class=\"gutslider-testimonial \">Jeste\u015bmy po wyje\u017adzie naszej c\u00f3rki Ani, ktora pojecha\u0142a na rok do Nowej Szkocji. Wszystko by\u0142o zorganizowane perfekcyjnie, c\u00f3rka czu\u0142a si\u0119 w Kanadzie bezpiecznie i by\u0142a tam na tyle szcz\u0119\u015bliwa, ze prawie o nas zapomnia\u0142a. Po przyje\u017adzie wr\u00f3ci\u0142a bardziej odwa\u017cna, otwarta na swiat, z mega akcentem i z du\u017ca liczba znajomych z ca\u0142ego \u015bwiata &#8211; najlepsza kole\u017canka z Turyny, najlepszy kolega z Pary\u017ca. Dodatkowo okaza\u0142o si\u0119, ze dyplom uko\u0144czenia szko\u0142y w Kanadzie by\u0142 honorowany przez wi\u0119kszo\u015b\u0107 uczelni w Polsce.<\/p><div class=\"author-rating\" data-rating=\"5\"><\/div><h5 class=\"gutslider-name \">Robert Bendlewski<\/h5><p class=\"gutslider-designation \"> <\/p><\/div><\/div><\/div><\/div><div class=\"swiper-slide\"><div class=\"swiper-testimonial-outer\" style=\"background-color:#efefef;background-image:url()\"><div class=\"gutslider-testimonial-wrapper\"><div class=\"gutslider-testimonial-inner\"><div class=\"author-photo-outer\"><div class=\"author-photo \"><\/div><\/div><p class=\"gutslider-testimonial \">Bardzo dzi\u0119kujemy za zorganizowanie wyjazdu naszej c\u00f3rki do Rishworth School w Anglii. Sp\u0119dzi\u0142a tam sze\u015b\u0107 miesi\u0119cy, wracaj\u0105c pe\u0142na entuzjazmu i pozytywnych wspomnie\u0144. Dzi\u0119ki temu do\u015bwiadczeniu nawi\u0105za\u0142a wiele nowych przyja\u017ani, znacz\u0105co poprawi\u0142a znajomo\u015b\u0107 j\u0119zyka angielskiego i sta\u0142a si\u0119 bardziej samodzielna. Organizacja oraz opieka nad dzieckiem by\u0142y na wysokim poziomie, a pomoc podczas rekrutacji i bie\u017c\u0105cy kontakt mi\u0119dzy szko\u0142\u0105 a rodzicami by\u0142y niezwykle cenne. Jeste\u015bmy bardzo zadowoleni i wdzi\u0119czni za t\u0119 wyj\u0105tkow\u0105 wsp\u00f3\u0142prac\u0119. Bardzo polecam Excellence in Education.<\/p><div class=\"author-rating\" data-rating=\"5\"><\/div><h5 class=\"gutslider-name \">Ola T.<\/h5><p class=\"gutslider-designation \">  <\/p><\/div><\/div><\/div><\/div><\/div><\/div><div class=\"gutslider-nav nav_outside nav_cc\"><div class=\"swiper-button-prev\"><\/div><div class=\"swiper-button-next\"><\/div><\/div><\/div>\n<\/div>\n<\/div><\/div>\n<\/div>\n<\/div><\/div>\n","protected":false},"excerpt":{"rendered":"","protected":false},"author":1,"featured_media":0,"parent":0,"menu_order":0,"comment_status":"closed","ping_status":"closed","template":"","meta":{"neve_meta_sidebar":"","neve_meta_container":"","neve_meta_enable_content_width":"","neve_meta_content_width":0,"neve_meta_title_alignment":"","neve_meta_author_avatar":"","neve_post_elements_order":"","neve_meta_disable_header":"","neve_meta_disable_footer":"","neve_meta_disable_title":"on","neve_meta_reading_time":"","_themeisle_gutenberg_block_has_review":false,"footnotes":""},"class_list":["post-1176","page","type-page","status-publish","hentry"],"yoast_head":"<!-- This site is optimized with the Yoast SEO plugin v27.4 - https:\/\/yoast.com\/product\/yoast-seo-wordpress\/ -->\n<title>Consultations - Excellence in Education<\/title>\n<meta name=\"robots\" content=\"index, follow, max-snippet:-1, max-image-preview:large, max-video-preview:-1\" \/>\n<link rel=\"canonical\" href=\"https:\/\/eie.pl\/en\/consultations\/\" \/>\n<meta property=\"og:locale\" content=\"en_US\" \/>\n<meta property=\"og:type\" content=\"article\" \/>\n<meta property=\"og:title\" content=\"Consultations - Excellence in Education\" \/>\n<meta property=\"og:url\" content=\"https:\/\/eie.pl\/en\/consultations\/\" \/>\n<meta property=\"og:site_name\" content=\"Excellence in Education\" \/>\n<meta property=\"article:publisher\" content=\"https:\/\/www.facebook.com\/EiEbyBasia\" \/>\n<meta property=\"article:modified_time\" content=\"2025-05-09T07:26:06+00:00\" \/>\n<meta property=\"og:image\" content=\"https:\/\/eie.pl\/wp-content\/uploads\/2025\/04\/Basia-Salamon-1024x683.jpg\" \/>\n\t<meta property=\"og:image:width\" content=\"1024\" \/>\n\t<meta property=\"og:image:height\" content=\"683\" \/>\n\t<meta property=\"og:image:type\" content=\"image\/jpeg\" \/>\n<meta name=\"twitter:card\" content=\"summary_large_image\" \/>\n<meta name=\"twitter:label1\" content=\"Est. reading time\" \/>\n\t<meta name=\"twitter:data1\" content=\"4 minutes\" \/>\n<script type=\"application\/ld+json\" class=\"yoast-schema-graph\">{\"@context\":\"https:\\\/\\\/schema.org\",\"@graph\":[{\"@type\":\"WebPage\",\"@id\":\"https:\\\/\\\/eie.pl\\\/en\\\/consultations\\\/\",\"url\":\"https:\\\/\\\/eie.pl\\\/en\\\/consultations\\\/\",\"name\":\"Consultations - Excellence in Education\",\"isPartOf\":{\"@id\":\"https:\\\/\\\/eie.pl\\\/#website\"},\"primaryImageOfPage\":{\"@id\":\"https:\\\/\\\/eie.pl\\\/en\\\/consultations\\\/#primaryimage\"},\"image\":{\"@id\":\"https:\\\/\\\/eie.pl\\\/en\\\/consultations\\\/#primaryimage\"},\"thumbnailUrl\":\"https:\\\/\\\/eie.pl\\\/wp-content\\\/uploads\\\/2025\\\/04\\\/Basia-Salamon-scaled.jpg\",\"datePublished\":\"2025-02-05T05:42:01+00:00\",\"dateModified\":\"2025-05-09T07:26:06+00:00\",\"breadcrumb\":{\"@id\":\"https:\\\/\\\/eie.pl\\\/en\\\/consultations\\\/#breadcrumb\"},\"inLanguage\":\"en-US\",\"potentialAction\":[{\"@type\":\"ReadAction\",\"target\":[\"https:\\\/\\\/eie.pl\\\/en\\\/consultations\\\/\"]}]},{\"@type\":\"ImageObject\",\"inLanguage\":\"en-US\",\"@id\":\"https:\\\/\\\/eie.pl\\\/en\\\/consultations\\\/#primaryimage\",\"url\":\"https:\\\/\\\/eie.pl\\\/wp-content\\\/uploads\\\/2025\\\/04\\\/Basia-Salamon-scaled.jpg\",\"contentUrl\":\"https:\\\/\\\/eie.pl\\\/wp-content\\\/uploads\\\/2025\\\/04\\\/Basia-Salamon-scaled.jpg\"},{\"@type\":\"BreadcrumbList\",\"@id\":\"https:\\\/\\\/eie.pl\\\/en\\\/consultations\\\/#breadcrumb\",\"itemListElement\":[{\"@type\":\"ListItem\",\"position\":1,\"name\":\"Strona g\u0142\u00f3wna\",\"item\":\"https:\\\/\\\/eie.pl\\\/en\\\/\"},{\"@type\":\"ListItem\",\"position\":2,\"name\":\"Consultations\"}]},{\"@type\":\"WebSite\",\"@id\":\"https:\\\/\\\/eie.pl\\\/#website\",\"url\":\"https:\\\/\\\/eie.pl\\\/\",\"name\":\"Excellence in Education\",\"description\":\"\",\"publisher\":{\"@id\":\"https:\\\/\\\/eie.pl\\\/#organization\"},\"potentialAction\":[{\"@type\":\"SearchAction\",\"target\":{\"@type\":\"EntryPoint\",\"urlTemplate\":\"https:\\\/\\\/eie.pl\\\/?s={search_term_string}\"},\"query-input\":{\"@type\":\"PropertyValueSpecification\",\"valueRequired\":true,\"valueName\":\"search_term_string\"}}],\"inLanguage\":\"en-US\"},{\"@type\":\"Organization\",\"@id\":\"https:\\\/\\\/eie.pl\\\/#organization\",\"name\":\"Excellence in Education\",\"url\":\"https:\\\/\\\/eie.pl\\\/\",\"logo\":{\"@type\":\"ImageObject\",\"inLanguage\":\"en-US\",\"@id\":\"https:\\\/\\\/eie.pl\\\/#\\\/schema\\\/logo\\\/image\\\/\",\"url\":\"https:\\\/\\\/eie.pl\\\/wp-content\\\/uploads\\\/2025\\\/02\\\/logo-eie-1.png\",\"contentUrl\":\"https:\\\/\\\/eie.pl\\\/wp-content\\\/uploads\\\/2025\\\/02\\\/logo-eie-1.png\",\"width\":400,\"height\":400,\"caption\":\"Excellence in Education\"},\"image\":{\"@id\":\"https:\\\/\\\/eie.pl\\\/#\\\/schema\\\/logo\\\/image\\\/\"},\"sameAs\":[\"https:\\\/\\\/www.facebook.com\\\/EiEbyBasia\"]}]}<\/script>\n<!-- \/ Yoast SEO plugin. -->","yoast_head_json":{"title":"Consultations - Excellence in Education","robots":{"index":"index","follow":"follow","max-snippet":"max-snippet:-1","max-image-preview":"max-image-preview:large","max-video-preview":"max-video-preview:-1"},"canonical":"https:\/\/eie.pl\/en\/consultations\/","og_locale":"en_US","og_type":"article","og_title":"Consultations - Excellence in Education","og_url":"https:\/\/eie.pl\/en\/consultations\/","og_site_name":"Excellence in Education","article_publisher":"https:\/\/www.facebook.com\/EiEbyBasia","article_modified_time":"2025-05-09T07:26:06+00:00","og_image":[{"width":1024,"height":683,"url":"https:\/\/eie.pl\/wp-content\/uploads\/2025\/04\/Basia-Salamon-1024x683.jpg","type":"image\/jpeg"}],"twitter_card":"summary_large_image","twitter_misc":{"Est. reading time":"4 minutes"},"schema":{"@context":"https:\/\/schema.org","@graph":[{"@type":"WebPage","@id":"https:\/\/eie.pl\/en\/consultations\/","url":"https:\/\/eie.pl\/en\/consultations\/","name":"Consultations - Excellence in Education","isPartOf":{"@id":"https:\/\/eie.pl\/#website"},"primaryImageOfPage":{"@id":"https:\/\/eie.pl\/en\/consultations\/#primaryimage"},"image":{"@id":"https:\/\/eie.pl\/en\/consultations\/#primaryimage"},"thumbnailUrl":"https:\/\/eie.pl\/wp-content\/uploads\/2025\/04\/Basia-Salamon-scaled.jpg","datePublished":"2025-02-05T05:42:01+00:00","dateModified":"2025-05-09T07:26:06+00:00","breadcrumb":{"@id":"https:\/\/eie.pl\/en\/consultations\/#breadcrumb"},"inLanguage":"en-US","potentialAction":[{"@type":"ReadAction","target":["https:\/\/eie.pl\/en\/consultations\/"]}]},{"@type":"ImageObject","inLanguage":"en-US","@id":"https:\/\/eie.pl\/en\/consultations\/#primaryimage","url":"https:\/\/eie.pl\/wp-content\/uploads\/2025\/04\/Basia-Salamon-scaled.jpg","contentUrl":"https:\/\/eie.pl\/wp-content\/uploads\/2025\/04\/Basia-Salamon-scaled.jpg"},{"@type":"BreadcrumbList","@id":"https:\/\/eie.pl\/en\/consultations\/#breadcrumb","itemListElement":[{"@type":"ListItem","position":1,"name":"Strona g\u0142\u00f3wna","item":"https:\/\/eie.pl\/en\/"},{"@type":"ListItem","position":2,"name":"Consultations"}]},{"@type":"WebSite","@id":"https:\/\/eie.pl\/#website","url":"https:\/\/eie.pl\/","name":"Excellence in Education","description":"","publisher":{"@id":"https:\/\/eie.pl\/#organization"},"potentialAction":[{"@type":"SearchAction","target":{"@type":"EntryPoint","urlTemplate":"https:\/\/eie.pl\/?s={search_term_string}"},"query-input":{"@type":"PropertyValueSpecification","valueRequired":true,"valueName":"search_term_string"}}],"inLanguage":"en-US"},{"@type":"Organization","@id":"https:\/\/eie.pl\/#organization","name":"Excellence in Education","url":"https:\/\/eie.pl\/","logo":{"@type":"ImageObject","inLanguage":"en-US","@id":"https:\/\/eie.pl\/#\/schema\/logo\/image\/","url":"https:\/\/eie.pl\/wp-content\/uploads\/2025\/02\/logo-eie-1.png","contentUrl":"https:\/\/eie.pl\/wp-content\/uploads\/2025\/02\/logo-eie-1.png","width":400,"height":400,"caption":"Excellence in Education"},"image":{"@id":"https:\/\/eie.pl\/#\/schema\/logo\/image\/"},"sameAs":["https:\/\/www.facebook.com\/EiEbyBasia"]}]}},"_links":{"self":[{"href":"https:\/\/eie.pl\/en\/wp-json\/wp\/v2\/pages\/1176","targetHints":{"allow":["GET"]}}],"collection":[{"href":"https:\/\/eie.pl\/en\/wp-json\/wp\/v2\/pages"}],"about":[{"href":"https:\/\/eie.pl\/en\/wp-json\/wp\/v2\/types\/page"}],"author":[{"embeddable":true,"href":"https:\/\/eie.pl\/en\/wp-json\/wp\/v2\/users\/1"}],"replies":[{"embeddable":true,"href":"https:\/\/eie.pl\/en\/wp-json\/wp\/v2\/comments?post=1176"}],"version-history":[{"count":2,"href":"https:\/\/eie.pl\/en\/wp-json\/wp\/v2\/pages\/1176\/revisions"}],"predecessor-version":[{"id":1199,"href":"https:\/\/eie.pl\/en\/wp-json\/wp\/v2\/pages\/1176\/revisions\/1199"}],"wp:attachment":[{"href":"https:\/\/eie.pl\/en\/wp-json\/wp\/v2\/media?parent=1176"}],"curies":[{"name":"wp","href":"https:\/\/api.w.org\/{rel}","templated":true}]}}